{"id":23911,"date":"2024-02-12T20:47:02","date_gmt":"2024-02-12T20:47:02","guid":{"rendered":"https:\/\/landpress.keydesign.xyz\/consulting\/?page_id=23911"},"modified":"2025-10-17T17:16:32","modified_gmt":"2025-10-17T15:16:32","slug":"mentions-legales","status":"publish","type":"page","link":"https:\/\/cps-hydro.fr\/particuliers\/mentions-legales\/","title":{"rendered":"Mentions l\u00e9gales"},"content":{"rendered":"\t\t<div data-elementor-type=\"wp-page\" data-elementor-id=\"23911\" class=\"elementor elementor-23911\">\n\t\t\t\t<div class=\"elementor-element elementor-element-d4f0ceb e-flex e-con-boxed e-con e-parent\" data-id=\"d4f0ceb\" data-element_type=\"container\" data-settings=\"{&quot;background_background&quot;:&quot;classic&quot;}\">\n\t\t\t\t\t<div class=\"e-con-inner\">\n\t\t<div class=\"elementor-element elementor-element-3080487 e-con-full e-flex e-con e-child\" data-id=\"3080487\" data-element_type=\"container\">\n\t\t\t\t<div class=\"elementor-element elementor-element-b81e2cb elementor-widget elementor-widget-elementskit-heading\" data-id=\"b81e2cb\" data-element_type=\"widget\" data-settings=\"{&quot;ekit_we_effect_on&quot;:&quot;css&quot;}\" data-widget_type=\"elementskit-heading.default\">\n\t\t\t\t<div class=\"elementor-widget-container\">\n\t\t\t\t\t<div class=\"ekit-wid-con\" ><div class=\"ekit-heading elementskit-section-title-wraper text_left   ekit_heading_tablet-   ekit_heading_mobile-\"><h1 class=\"ekit-heading--title elementskit-section-title \">Mentions l\u00e9gales<\/h1>\t\t\t\t<div class='ekit-heading__description'>\n\t\t\t\t\t<p><strong>Derni\u00e8re modification:<\/strong> 17 octobre 2025<\/p>\n\t\t\t\t<\/div>\n\t\t\t<\/div><\/div>\t\t\t\t<\/div>\n\t\t\t\t<\/div>\n\t\t\t\t<\/div>\n\t\t\t\t\t<\/div>\n\t\t\t\t<\/div>\n\t\t<div class=\"elementor-element elementor-element-d9f8005 e-flex e-con-boxed e-con e-parent\" data-id=\"d9f8005\" data-element_type=\"container\" data-settings=\"{&quot;animation&quot;:&quot;none&quot;}\">\n\t\t\t\t\t<div class=\"e-con-inner\">\n\t\t<div class=\"elementor-element elementor-element-fd989cd e-con-full elementor-hidden-tablet elementor-hidden-mobile e-flex e-con e-child\" data-id=\"fd989cd\" data-element_type=\"container\">\n\t\t<div class=\"elementor-element elementor-element-775dbca e-con-full ekit-sticky--top e-flex e-con e-child\" data-id=\"775dbca\" data-element_type=\"container\" data-settings=\"{&quot;ekit_sticky&quot;:&quot;top&quot;,&quot;ekit_sticky_offset&quot;:{&quot;unit&quot;:&quot;px&quot;,&quot;size&quot;:175,&quot;sizes&quot;:[]},&quot;ekit_sticky_until&quot;:&quot;section5&quot;,&quot;ekit_sticky_offset_tablet&quot;:{&quot;unit&quot;:&quot;px&quot;,&quot;size&quot;:&quot;&quot;,&quot;sizes&quot;:[]},&quot;ekit_sticky_offset_mobile&quot;:{&quot;unit&quot;:&quot;px&quot;,&quot;size&quot;:&quot;&quot;,&quot;sizes&quot;:[]},&quot;ekit_sticky_on_desktop&quot;:&quot;desktop&quot;,&quot;ekit_sticky_effect_offset&quot;:{&quot;unit&quot;:&quot;px&quot;,&quot;size&quot;:0,&quot;sizes&quot;:[]},&quot;ekit_sticky_effect_offset_tablet&quot;:{&quot;unit&quot;:&quot;px&quot;,&quot;size&quot;:&quot;&quot;,&quot;sizes&quot;:[]},&quot;ekit_sticky_effect_offset_mobile&quot;:{&quot;unit&quot;:&quot;px&quot;,&quot;size&quot;:&quot;&quot;,&quot;sizes&quot;:[]}}\">\n\t\t\t\t<div class=\"elementor-element elementor-element-0a97410 sticky-navigation elementor-hidden-tablet elementor-hidden-mobile elementor-widget elementor-widget-elementskit-stylish-list\" data-id=\"0a97410\" data-element_type=\"widget\" data-settings=\"{&quot;ekit_we_effect_on&quot;:&quot;none&quot;}\" data-widget_type=\"elementskit-stylish-list.default\">\n\t\t\t\t<div class=\"elementor-widget-container\">\n\t\t\t\t\t<div class=\"ekit-wid-con\">\t\t<ul class=\"ekit-stylish-list \" >\n\t\t\t\t\t\t\t<li class=\"ekit-stylish-list-content-wrapper elementor-repeater-item-dbd1c0d\" >\n\t\t\t\t\t\t\t\t\t\t\t<a class=\"ekit-wrapper-link\" href=\"#section1\"><\/a>\n\t\t\t\t\t\t\t\t\t\t<div class=\"ekit-stylish-list-content\">\n\t\t\t\t\t\t\t\t\t\t\t\t\t\t\t\t\t\t\t\t\t\t\t\t<div class=\"ekit-stylish-list-content-text\">\n\t\t\t\t\t\t\t<span class=\"ekit-stylish-list-content-title\">Informations<\/span>\n\t\t\t\t\t\t\t\t\t\t\t\t\t<\/div>\n\t\t\t\t\t\t\t\t\t\t\t<\/div>\n\t\t\t\t\t\n\t\t\t\t<\/li>\n\t\t\t\t\t\t\t\t\t\t\t<li class=\"ekit-stylish-list-content-wrapper elementor-repeater-item-54477fc\" >\n\t\t\t\t\t\t\t\t\t\t\t<a class=\"ekit-wrapper-link\" href=\"#section2\"><\/a>\n\t\t\t\t\t\t\t\t\t\t<div class=\"ekit-stylish-list-content\">\n\t\t\t\t\t\t\t\t\t\t\t\t\t\t\t\t\t\t\t\t\t\t\t\t<div class=\"ekit-stylish-list-content-text\">\n\t\t\t\t\t\t\t<span class=\"ekit-stylish-list-content-title\">Hebergeur<\/span>\n\t\t\t\t\t\t\t\t\t\t\t\t\t<\/div>\n\t\t\t\t\t\t\t\t\t\t\t<\/div>\n\t\t\t\t\t\n\t\t\t\t<\/li>\n\t\t\t\t\t\t\t\t\t\t\t<li class=\"ekit-stylish-list-content-wrapper elementor-repeater-item-f32fb77\" >\n\t\t\t\t\t\t\t\t\t\t\t<a class=\"ekit-wrapper-link\" href=\"#section3\"><\/a>\n\t\t\t\t\t\t\t\t\t\t<div class=\"ekit-stylish-list-content\">\n\t\t\t\t\t\t\t\t\t\t\t\t\t\t\t\t\t\t\t\t\t\t\t\t<div class=\"ekit-stylish-list-content-text\">\n\t\t\t\t\t\t\t<span class=\"ekit-stylish-list-content-title\">Immatriculation<\/span>\n\t\t\t\t\t\t\t\t\t\t\t\t\t<\/div>\n\t\t\t\t\t\t\t\t\t\t\t<\/div>\n\t\t\t\t\t\n\t\t\t\t<\/li>\n\t\t\t\t\t\t\t\t\t\t\t<li class=\"ekit-stylish-list-content-wrapper elementor-repeater-item-a8fe059\" >\n\t\t\t\t\t\t\t\t\t\t\t<a class=\"ekit-wrapper-link\" href=\"#section4\"><\/a>\n\t\t\t\t\t\t\t\t\t\t<div class=\"ekit-stylish-list-content\">\n\t\t\t\t\t\t\t\t\t\t\t\t\t\t\t\t\t\t\t\t\t\t\t\t<div class=\"ekit-stylish-list-content-text\">\n\t\t\t\t\t\t\t<span class=\"ekit-stylish-list-content-title\">Cookies<\/span>\n\t\t\t\t\t\t\t\t\t\t\t\t\t<\/div>\n\t\t\t\t\t\t\t\t\t\t\t<\/div>\n\t\t\t\t\t\n\t\t\t\t<\/li>\n\t\t\t\t\t\t\t\t\t\t\t<li class=\"ekit-stylish-list-content-wrapper elementor-repeater-item-d0b391d\" >\n\t\t\t\t\t\t\t\t\t\t\t<a class=\"ekit-wrapper-link\" href=\"#section5\"><\/a>\n\t\t\t\t\t\t\t\t\t\t<div class=\"ekit-stylish-list-content\">\n\t\t\t\t\t\t\t\t\t\t\t\t\t\t\t\t\t\t\t\t\t\t\t\t<div class=\"ekit-stylish-list-content-text\">\n\t\t\t\t\t\t\t<span class=\"ekit-stylish-list-content-title\">Responsabilit\u00e9<\/span>\n\t\t\t\t\t\t\t\t\t\t\t\t\t<\/div>\n\t\t\t\t\t\t\t\t\t\t\t<\/div>\n\t\t\t\t\t\n\t\t\t\t<\/li>\n\t\t\t\t\t\t\t\t\t\t\t<li class=\"ekit-stylish-list-content-wrapper elementor-repeater-item-4b6e5f0\" >\n\t\t\t\t\t\t\t\t\t\t\t<a class=\"ekit-wrapper-link\" href=\"#section6\"><\/a>\n\t\t\t\t\t\t\t\t\t\t<div class=\"ekit-stylish-list-content\">\n\t\t\t\t\t\t\t\t\t\t\t\t\t\t\t\t\t\t\t\t\t\t\t\t<div class=\"ekit-stylish-list-content-text\">\n\t\t\t\t\t\t\t<span class=\"ekit-stylish-list-content-title\">Modifications<\/span>\n\t\t\t\t\t\t\t\t\t\t\t\t\t<\/div>\n\t\t\t\t\t\t\t\t\t\t\t<\/div>\n\t\t\t\t\t\n\t\t\t\t<\/li>\n\t\t\t\t\t\t\t\t\t<\/ul>\n\t<\/div>\t\t\t\t<\/div>\n\t\t\t\t<\/div>\n\t\t\t\t<\/div>\n\t\t\t\t<\/div>\n\t\t<div class=\"elementor-element elementor-element-fd0dad0 e-con-full e-flex e-con e-child\" data-id=\"fd0dad0\" data-element_type=\"container\" id=\"section1\">\n\t\t<div class=\"elementor-element elementor-element-983954d e-con-full sticky-section e-flex e-con e-child\" data-id=\"983954d\" data-element_type=\"container\">\n\t\t<div class=\"elementor-element elementor-element-7bbe943 e-con-full e-flex e-con e-child\" data-id=\"7bbe943\" data-element_type=\"container\">\n\t\t\t\t<div class=\"elementor-element elementor-element-ea8d701 elementor-widget elementor-widget-elementskit-heading\" data-id=\"ea8d701\" data-element_type=\"widget\" data-settings=\"{&quot;ekit_we_effect_on&quot;:&quot;none&quot;}\" data-widget_type=\"elementskit-heading.default\">\n\t\t\t\t<div class=\"elementor-widget-container\">\n\t\t\t\t\t<div class=\"ekit-wid-con\" ><div class=\"ekit-heading elementskit-section-title-wraper text_left   ekit_heading_tablet-   ekit_heading_mobile-\"><h3 class=\"ekit-heading--title elementskit-section-title \">1. Informations<\/h3><\/div><\/div>\t\t\t\t<\/div>\n\t\t\t\t<\/div>\n\t\t\t\t<\/div>\n\t\t<div class=\"elementor-element elementor-element-61cfffe e-con-full e-flex e-con e-child\" data-id=\"61cfffe\" data-element_type=\"container\">\n\t\t\t\t<div class=\"elementor-element elementor-element-2f21f54 elementor-widget elementor-widget-text-editor\" data-id=\"2f21f54\" data-element_type=\"widget\" data-settings=\"{&quot;ekit_we_effect_on&quot;:&quot;none&quot;}\" data-widget_type=\"text-editor.default\">\n\t\t\t\t<div class=\"elementor-widget-container\">\n\t\t\t\t\t\t\t\t\t<p>Soci\u00e9t\u00e9 CPS HYDRO SAS \u2013 Curage Propret\u00e9 Services<br \/>Soci\u00e9t\u00e9 par Actions Simplifi\u00e9e au capital de 5000\u20ac<br \/>Immatricul\u00e9e au RCS Paris sous le num\u00e9ro B 931 127 914<br \/>Si\u00e8ge : 40 rue Alexandre Dumas, 75011 Paris<br \/>Directeur de la publication : Thibaud Limer<\/p>\t\t\t\t\t\t\t\t<\/div>\n\t\t\t\t<\/div>\n\t\t\t\t<\/div>\n\t\t\t\t<\/div>\n\t\t<div class=\"elementor-element elementor-element-7b430a6 e-con-full sticky-section e-flex e-con e-child\" data-id=\"7b430a6\" data-element_type=\"container\">\n\t\t<div class=\"elementor-element elementor-element-ae492ff e-con-full e-flex e-con e-child\" data-id=\"ae492ff\" data-element_type=\"container\" id=\"section2\">\n\t\t\t\t<div class=\"elementor-element elementor-element-26fbfbe elementor-widget elementor-widget-spacer\" data-id=\"26fbfbe\" data-element_type=\"widget\" data-settings=\"{&quot;ekit_we_effect_on&quot;:&quot;none&quot;}\" data-widget_type=\"spacer.default\">\n\t\t\t\t<div class=\"elementor-widget-container\">\n\t\t\t\t\t\t\t<div class=\"elementor-spacer\">\n\t\t\t<div class=\"elementor-spacer-inner\"><\/div>\n\t\t<\/div>\n\t\t\t\t\t\t<\/div>\n\t\t\t\t<\/div>\n\t\t\t\t<div class=\"elementor-element elementor-element-6830b1c elementor-widget elementor-widget-elementskit-heading\" data-id=\"6830b1c\" data-element_type=\"widget\" data-settings=\"{&quot;ekit_we_effect_on&quot;:&quot;none&quot;}\" data-widget_type=\"elementskit-heading.default\">\n\t\t\t\t<div class=\"elementor-widget-container\">\n\t\t\t\t\t<div class=\"ekit-wid-con\" ><div class=\"ekit-heading elementskit-section-title-wraper text_left   ekit_heading_tablet-   ekit_heading_mobile-\"><h3 class=\"ekit-heading--title elementskit-section-title \">2. Hebergeur<\/h3><\/div><\/div>\t\t\t\t<\/div>\n\t\t\t\t<\/div>\n\t\t\t\t<\/div>\n\t\t<div class=\"elementor-element elementor-element-7fce386 e-con-full e-flex e-con e-child\" data-id=\"7fce386\" data-element_type=\"container\">\n\t\t\t\t<div class=\"elementor-element elementor-element-9b00611 elementor-widget elementor-widget-text-editor\" data-id=\"9b00611\" data-element_type=\"widget\" data-settings=\"{&quot;ekit_we_effect_on&quot;:&quot;none&quot;}\" data-widget_type=\"text-editor.default\">\n\t\t\t\t<div class=\"elementor-widget-container\">\n\t\t\t\t\t\t\t\t\t<p>Le site est h\u00e9berg\u00e9 chez<br \/>IONOS SARL<br \/>7, place de la Gare BP 70109<br \/>57200 Sarreguemines Cedex France<br \/><a href=\"https:\/\/www.ionos.fr\/\">https:\/\/www.ionos.fr\/<\/a><\/p>\t\t\t\t\t\t\t\t<\/div>\n\t\t\t\t<\/div>\n\t\t\t\t<\/div>\n\t\t\t\t<\/div>\n\t\t<div class=\"elementor-element elementor-element-1c96dff e-con-full sticky-section e-flex e-con e-child\" data-id=\"1c96dff\" data-element_type=\"container\">\n\t\t<div class=\"elementor-element elementor-element-809e780 e-con-full e-flex e-con e-child\" data-id=\"809e780\" data-element_type=\"container\" id=\"section3\">\n\t\t\t\t<div class=\"elementor-element elementor-element-5f28a18 elementor-widget elementor-widget-spacer\" data-id=\"5f28a18\" data-element_type=\"widget\" data-settings=\"{&quot;ekit_we_effect_on&quot;:&quot;none&quot;}\" data-widget_type=\"spacer.default\">\n\t\t\t\t<div class=\"elementor-widget-container\">\n\t\t\t\t\t\t\t<div class=\"elementor-spacer\">\n\t\t\t<div class=\"elementor-spacer-inner\"><\/div>\n\t\t<\/div>\n\t\t\t\t\t\t<\/div>\n\t\t\t\t<\/div>\n\t\t\t\t<div class=\"elementor-element elementor-element-c67a7e3 elementor-widget elementor-widget-elementskit-heading\" data-id=\"c67a7e3\" data-element_type=\"widget\" data-settings=\"{&quot;ekit_we_effect_on&quot;:&quot;none&quot;}\" data-widget_type=\"elementskit-heading.default\">\n\t\t\t\t<div class=\"elementor-widget-container\">\n\t\t\t\t\t<div class=\"ekit-wid-con\" ><div class=\"ekit-heading elementskit-section-title-wraper text_left   ekit_heading_tablet-   ekit_heading_mobile-\"><h3 class=\"ekit-heading--title elementskit-section-title \">3. Immatriculation<\/h3><\/div><\/div>\t\t\t\t<\/div>\n\t\t\t\t<\/div>\n\t\t\t\t<\/div>\n\t\t<div class=\"elementor-element elementor-element-58d8178 e-con-full e-flex e-con e-child\" data-id=\"58d8178\" data-element_type=\"container\">\n\t\t\t\t<div class=\"elementor-element elementor-element-04da553 elementor-widget elementor-widget-text-editor\" data-id=\"04da553\" data-element_type=\"widget\" data-settings=\"{&quot;ekit_we_effect_on&quot;:&quot;none&quot;}\" data-widget_type=\"text-editor.default\">\n\t\t\t\t<div class=\"elementor-widget-container\">\n\t\t\t\t\t\t\t\t\t<h4>Num\u00e9ro d\u2019immatriculation<\/h4><p>SIRET : 931 127 914 00014<br \/>N\u00b0 TVA Intracommunautaire : FR64931127914<\/p>\t\t\t\t\t\t\t\t<\/div>\n\t\t\t\t<\/div>\n\t\t\t\t<\/div>\n\t\t\t\t<\/div>\n\t\t<div class=\"elementor-element elementor-element-1ebafc8 e-con-full sticky-section e-flex e-con e-child\" data-id=\"1ebafc8\" data-element_type=\"container\">\n\t\t<div class=\"elementor-element elementor-element-a648f97 e-con-full e-flex e-con e-child\" data-id=\"a648f97\" data-element_type=\"container\" id=\"section4\">\n\t\t\t\t<div class=\"elementor-element elementor-element-ac0a602 elementor-widget elementor-widget-spacer\" data-id=\"ac0a602\" data-element_type=\"widget\" data-settings=\"{&quot;ekit_we_effect_on&quot;:&quot;none&quot;}\" data-widget_type=\"spacer.default\">\n\t\t\t\t<div class=\"elementor-widget-container\">\n\t\t\t\t\t\t\t<div class=\"elementor-spacer\">\n\t\t\t<div class=\"elementor-spacer-inner\"><\/div>\n\t\t<\/div>\n\t\t\t\t\t\t<\/div>\n\t\t\t\t<\/div>\n\t\t\t\t<div class=\"elementor-element elementor-element-658562d elementor-widget elementor-widget-elementskit-heading\" data-id=\"658562d\" data-element_type=\"widget\" data-settings=\"{&quot;ekit_we_effect_on&quot;:&quot;none&quot;}\" data-widget_type=\"elementskit-heading.default\">\n\t\t\t\t<div class=\"elementor-widget-container\">\n\t\t\t\t\t<div class=\"ekit-wid-con\" ><div class=\"ekit-heading elementskit-section-title-wraper text_left   ekit_heading_tablet-   ekit_heading_mobile-\"><h3 class=\"ekit-heading--title elementskit-section-title \">4. Cookies<\/h3><\/div><\/div>\t\t\t\t<\/div>\n\t\t\t\t<\/div>\n\t\t\t\t<\/div>\n\t\t<div class=\"elementor-element elementor-element-659f475 e-con-full e-flex e-con e-child\" data-id=\"659f475\" data-element_type=\"container\">\n\t\t\t\t<div class=\"elementor-element elementor-element-3d56b67 elementor-widget elementor-widget-text-editor\" data-id=\"3d56b67\" data-element_type=\"widget\" data-settings=\"{&quot;ekit_we_effect_on&quot;:&quot;none&quot;}\" data-widget_type=\"text-editor.default\">\n\t\t\t\t<div class=\"elementor-widget-container\">\n\t\t\t\t\t\t\t\t\t<p>Le site CPS utilise des cookies pour am\u00e9liorer l\u2019exp\u00e9rience utilisateur. En naviguant sur notre site, vous acceptez l\u2019utilisation de ces cookies. Pour en savoir plus, consultez notre\u00a0<a href=\"https:\/\/cps-hydro.fr\/politique-confidentialite\">Politique de confidentialit\u00e9<\/a>.<\/p>\t\t\t\t\t\t\t\t<\/div>\n\t\t\t\t<\/div>\n\t\t\t\t<\/div>\n\t\t\t\t<\/div>\n\t\t<div class=\"elementor-element elementor-element-f74beb5 e-con-full sticky-section e-flex e-con e-child\" data-id=\"f74beb5\" data-element_type=\"container\">\n\t\t<div class=\"elementor-element elementor-element-5151253 e-con-full e-flex e-con e-child\" data-id=\"5151253\" data-element_type=\"container\" id=\"section5\">\n\t\t\t\t<div class=\"elementor-element elementor-element-c6c24ec elementor-widget elementor-widget-spacer\" data-id=\"c6c24ec\" data-element_type=\"widget\" data-settings=\"{&quot;ekit_we_effect_on&quot;:&quot;none&quot;}\" data-widget_type=\"spacer.default\">\n\t\t\t\t<div class=\"elementor-widget-container\">\n\t\t\t\t\t\t\t<div class=\"elementor-spacer\">\n\t\t\t<div class=\"elementor-spacer-inner\"><\/div>\n\t\t<\/div>\n\t\t\t\t\t\t<\/div>\n\t\t\t\t<\/div>\n\t\t\t\t<div class=\"elementor-element elementor-element-d593e48 elementor-widget elementor-widget-elementskit-heading\" data-id=\"d593e48\" data-element_type=\"widget\" data-settings=\"{&quot;ekit_we_effect_on&quot;:&quot;none&quot;}\" data-widget_type=\"elementskit-heading.default\">\n\t\t\t\t<div class=\"elementor-widget-container\">\n\t\t\t\t\t<div class=\"ekit-wid-con\" ><div class=\"ekit-heading elementskit-section-title-wraper text_left   ekit_heading_tablet-   ekit_heading_mobile-\"><h3 class=\"ekit-heading--title elementskit-section-title \">5. Responsabilit\u00e9<\/h3><\/div><\/div>\t\t\t\t<\/div>\n\t\t\t\t<\/div>\n\t\t\t\t<\/div>\n\t\t<div class=\"elementor-element elementor-element-2aabbe7 e-con-full e-flex e-con e-child\" data-id=\"2aabbe7\" data-element_type=\"container\">\n\t\t\t\t<div class=\"elementor-element elementor-element-1160d3d elementor-widget elementor-widget-text-editor\" data-id=\"1160d3d\" data-element_type=\"widget\" data-settings=\"{&quot;ekit_we_effect_on&quot;:&quot;none&quot;}\" data-widget_type=\"text-editor.default\">\n\t\t\t\t<div class=\"elementor-widget-container\">\n\t\t\t\t\t\t\t\t\t<p>CPS s\u2019efforce de fournir des informations aussi pr\u00e9cises que possible sur ce site. Toutefois, CPS ne peut \u00eatre tenu responsable des omissions, des inexactitudes et des carences dans la mise \u00e0 jour, qu\u2019elles soient de son fait ou du fait des tiers partenaires qui lui fournissent ces informations.<\/p>\t\t\t\t\t\t\t\t<\/div>\n\t\t\t\t<\/div>\n\t\t\t\t<\/div>\n\t\t\t\t<\/div>\n\t\t<div class=\"elementor-element elementor-element-8fd7bf3 e-con-full sticky-section e-flex e-con e-child\" data-id=\"8fd7bf3\" data-element_type=\"container\">\n\t\t<div class=\"elementor-element elementor-element-8f0b239 e-con-full e-flex e-con e-child\" data-id=\"8f0b239\" data-element_type=\"container\" id=\"section6\">\n\t\t\t\t<div class=\"elementor-element elementor-element-96826d2 elementor-widget elementor-widget-spacer\" data-id=\"96826d2\" data-element_type=\"widget\" data-settings=\"{&quot;ekit_we_effect_on&quot;:&quot;none&quot;}\" data-widget_type=\"spacer.default\">\n\t\t\t\t<div class=\"elementor-widget-container\">\n\t\t\t\t\t\t\t<div class=\"elementor-spacer\">\n\t\t\t<div class=\"elementor-spacer-inner\"><\/div>\n\t\t<\/div>\n\t\t\t\t\t\t<\/div>\n\t\t\t\t<\/div>\n\t\t\t\t<div class=\"elementor-element elementor-element-7cc48ec elementor-widget elementor-widget-elementskit-heading\" data-id=\"7cc48ec\" data-element_type=\"widget\" data-settings=\"{&quot;ekit_we_effect_on&quot;:&quot;none&quot;}\" data-widget_type=\"elementskit-heading.default\">\n\t\t\t\t<div class=\"elementor-widget-container\">\n\t\t\t\t\t<div class=\"ekit-wid-con\" ><div class=\"ekit-heading elementskit-section-title-wraper text_left   ekit_heading_tablet-   ekit_heading_mobile-\"><h3 class=\"ekit-heading--title elementskit-section-title \">6. Modifications<\/h3><\/div><\/div>\t\t\t\t<\/div>\n\t\t\t\t<\/div>\n\t\t\t\t<\/div>\n\t\t<div class=\"elementor-element elementor-element-8b058cc e-con-full e-flex e-con e-child\" data-id=\"8b058cc\" data-element_type=\"container\">\n\t\t\t\t<div class=\"elementor-element elementor-element-d68e6c4 elementor-widget elementor-widget-text-editor\" data-id=\"d68e6c4\" data-element_type=\"widget\" data-settings=\"{&quot;ekit_we_effect_on&quot;:&quot;none&quot;}\" data-widget_type=\"text-editor.default\">\n\t\t\t\t<div class=\"elementor-widget-container\">\n\t\t\t\t\t\t\t\t\t<p class=\"p1\">Cette page de mentions l\u00e9gales restera en vigueur sauf en ce qui concerne les modifications futures de ses dispositions, qui prendront effet imm\u00e9diatement apr\u00e8s avoir \u00e9t\u00e9 publi\u00e9es sur cette page.<\/p><p class=\"p1\">Nous nous r\u00e9servons le droit de mettre \u00e0 jour ou de modifier nos mentions l\u00e9gales \u00e0 tout moment, et vous devriez consulter cette page p\u00e9riodiquement. Votre utilisation continue du service apr\u00e8s que nous ayons publi\u00e9 des modifications sur cette page constituera votre reconnaissance des modifications et votre consentement \u00e0 respecter et \u00eatre li\u00e9 par les mentions l\u00e9gales modifi\u00e9es.<\/p>\t\t\t\t\t\t\t\t<\/div>\n\t\t\t\t<\/div>\n\t\t\t\t<\/div>\n\t\t\t\t<\/div>\n\t\t\t\t<\/div>\n\t\t\t\t\t<\/div>\n\t\t\t\t<\/div>\n\t\t\t\t<\/div>\n\t\t","protected":false},"excerpt":{"rendered":"<p>Mentions l\u00e9gales Derni\u00e8re modification: 17 octobre 2025 Informations Hebergeur Immatriculation Cookies Responsabilit\u00e9 Modifications 1. Informations Soci\u00e9t\u00e9 CPS HYDRO SAS \u2013 Curage Propret\u00e9 ServicesSoci\u00e9t\u00e9 par Actions Simplifi\u00e9e au capital de 5000\u20acImmatricul\u00e9e au RCS Paris sous le num\u00e9ro B 931 127 914Si\u00e8ge : 40 rue Alexandre Dumas, 75011 ParisDirecteur de la publication : Thibaud Limer 2. Hebergeur [&hellip;]<\/p>\n","protected":false},"author":1,"featured_media":0,"parent":0,"menu_order":0,"comment_status":"closed","ping_status":"closed","template":"","meta":{"footnotes":""},"class_list":["post-23911","page","type-page","status-publish","hentry"],"yoast_head":"<!-- This site is optimized with the Yoast SEO plugin v25.0 - https:\/\/yoast.com\/wordpress\/plugins\/seo\/ -->\n<title>Nos mentions l\u00e9gales<\/title>\n<meta name=\"description\" content=\"Retrouvez ici toutes les informations l\u00e9gales concernant notre site et nos activit\u00e9s de nettoyage \u00e0 domicile.\" \/>\n<meta name=\"robots\" content=\"noindex, follow\" \/>\n<meta property=\"og:locale\" content=\"fr_FR\" \/>\n<meta property=\"og:type\" content=\"article\" \/>\n<meta property=\"og:title\" content=\"Nos mentions l\u00e9gales\" \/>\n<meta property=\"og:description\" content=\"Retrouvez ici toutes les informations l\u00e9gales concernant notre site et nos activit\u00e9s de nettoyage \u00e0 domicile.\" \/>\n<meta property=\"og:url\" content=\"https:\/\/cps-hydro.fr\/particuliers\/mentions-legales\/\" \/>\n<meta property=\"og:site_name\" content=\"Particuliers\" \/>\n<meta property=\"article:modified_time\" content=\"2025-10-17T15:16:32+00:00\" \/>\n<meta name=\"twitter:card\" content=\"summary_large_image\" \/>\n<meta name=\"twitter:label1\" content=\"Dur\u00e9e de lecture estim\u00e9e\" \/>\n\t<meta name=\"twitter:data1\" content=\"2 minutes\" \/>\n<script type=\"application\/ld+json\" class=\"yoast-schema-graph\">{\"@context\":\"https:\/\/schema.org\",\"@graph\":[{\"@type\":\"WebPage\",\"@id\":\"https:\/\/cps-hydro.fr\/particuliers\/mentions-legales\/\",\"url\":\"https:\/\/cps-hydro.fr\/particuliers\/mentions-legales\/\",\"name\":\"Nos mentions l\u00e9gales\",\"isPartOf\":{\"@id\":\"https:\/\/cps-hydro.fr\/particuliers\/#website\"},\"datePublished\":\"2024-02-12T20:47:02+00:00\",\"dateModified\":\"2025-10-17T15:16:32+00:00\",\"description\":\"Retrouvez ici toutes les informations l\u00e9gales concernant notre site et nos activit\u00e9s de nettoyage \u00e0 domicile.\",\"breadcrumb\":{\"@id\":\"https:\/\/cps-hydro.fr\/particuliers\/mentions-legales\/#breadcrumb\"},\"inLanguage\":\"fr-FR\",\"potentialAction\":[{\"@type\":\"ReadAction\",\"target\":[\"https:\/\/cps-hydro.fr\/particuliers\/mentions-legales\/\"]}]},{\"@type\":\"BreadcrumbList\",\"@id\":\"https:\/\/cps-hydro.fr\/particuliers\/mentions-legales\/#breadcrumb\",\"itemListElement\":[{\"@type\":\"ListItem\",\"position\":1,\"name\":\"Accueil\",\"item\":\"https:\/\/cps-hydro.fr\/particuliers\/\"},{\"@type\":\"ListItem\",\"position\":2,\"name\":\"Mentions l\u00e9gales\"}]},{\"@type\":\"WebSite\",\"@id\":\"https:\/\/cps-hydro.fr\/particuliers\/#website\",\"url\":\"https:\/\/cps-hydro.fr\/particuliers\/\",\"name\":\"Particuliers\",\"description\":\"Marketing Landing Page Elementor WordPress Theme\",\"potentialAction\":[{\"@type\":\"SearchAction\",\"target\":{\"@type\":\"EntryPoint\",\"urlTemplate\":\"https:\/\/cps-hydro.fr\/particuliers\/?s={search_term_string}\"},\"query-input\":{\"@type\":\"PropertyValueSpecification\",\"valueRequired\":true,\"valueName\":\"search_term_string\"}}],\"inLanguage\":\"fr-FR\"}]}<\/script>\n<!-- \/ Yoast SEO plugin. -->","yoast_head_json":{"title":"Nos mentions l\u00e9gales","description":"Retrouvez ici toutes les informations l\u00e9gales concernant notre site et nos activit\u00e9s de nettoyage \u00e0 domicile.","robots":{"index":"noindex","follow":"follow"},"og_locale":"fr_FR","og_type":"article","og_title":"Nos mentions l\u00e9gales","og_description":"Retrouvez ici toutes les informations l\u00e9gales concernant notre site et nos activit\u00e9s de nettoyage \u00e0 domicile.","og_url":"https:\/\/cps-hydro.fr\/particuliers\/mentions-legales\/","og_site_name":"Particuliers","article_modified_time":"2025-10-17T15:16:32+00:00","twitter_card":"summary_large_image","twitter_misc":{"Dur\u00e9e de lecture estim\u00e9e":"2 minutes"},"schema":{"@context":"https:\/\/schema.org","@graph":[{"@type":"WebPage","@id":"https:\/\/cps-hydro.fr\/particuliers\/mentions-legales\/","url":"https:\/\/cps-hydro.fr\/particuliers\/mentions-legales\/","name":"Nos mentions l\u00e9gales","isPartOf":{"@id":"https:\/\/cps-hydro.fr\/particuliers\/#website"},"datePublished":"2024-02-12T20:47:02+00:00","dateModified":"2025-10-17T15:16:32+00:00","description":"Retrouvez ici toutes les informations l\u00e9gales concernant notre site et nos activit\u00e9s de nettoyage \u00e0 domicile.","breadcrumb":{"@id":"https:\/\/cps-hydro.fr\/particuliers\/mentions-legales\/#breadcrumb"},"inLanguage":"fr-FR","potentialAction":[{"@type":"ReadAction","target":["https:\/\/cps-hydro.fr\/particuliers\/mentions-legales\/"]}]},{"@type":"BreadcrumbList","@id":"https:\/\/cps-hydro.fr\/particuliers\/mentions-legales\/#breadcrumb","itemListElement":[{"@type":"ListItem","position":1,"name":"Accueil","item":"https:\/\/cps-hydro.fr\/particuliers\/"},{"@type":"ListItem","position":2,"name":"Mentions l\u00e9gales"}]},{"@type":"WebSite","@id":"https:\/\/cps-hydro.fr\/particuliers\/#website","url":"https:\/\/cps-hydro.fr\/particuliers\/","name":"Particuliers","description":"Marketing Landing Page Elementor WordPress Theme","potentialAction":[{"@type":"SearchAction","target":{"@type":"EntryPoint","urlTemplate":"https:\/\/cps-hydro.fr\/particuliers\/?s={search_term_string}"},"query-input":{"@type":"PropertyValueSpecification","valueRequired":true,"valueName":"search_term_string"}}],"inLanguage":"fr-FR"}]}},"_links":{"self":[{"href":"https:\/\/cps-hydro.fr\/particuliers\/wp-json\/wp\/v2\/pages\/23911","targetHints":{"allow":["GET"]}}],"collection":[{"href":"https:\/\/cps-hydro.fr\/particuliers\/wp-json\/wp\/v2\/pages"}],"about":[{"href":"https:\/\/cps-hydro.fr\/particuliers\/wp-json\/wp\/v2\/types\/page"}],"author":[{"embeddable":true,"href":"https:\/\/cps-hydro.fr\/particuliers\/wp-json\/wp\/v2\/users\/1"}],"replies":[{"embeddable":true,"href":"https:\/\/cps-hydro.fr\/particuliers\/wp-json\/wp\/v2\/comments?post=23911"}],"version-history":[{"count":7,"href":"https:\/\/cps-hydro.fr\/particuliers\/wp-json\/wp\/v2\/pages\/23911\/revisions"}],"predecessor-version":[{"id":24926,"href":"https:\/\/cps-hydro.fr\/particuliers\/wp-json\/wp\/v2\/pages\/23911\/revisions\/24926"}],"wp:attachment":[{"href":"https:\/\/cps-hydro.fr\/particuliers\/wp-json\/wp\/v2\/media?parent=23911"}],"curies":[{"name":"wp","href":"https:\/\/api.w.org\/{rel}","templated":true}]}}