{"id":23898,"date":"2024-02-12T14:53:45","date_gmt":"2024-02-12T14:53:45","guid":{"rendered":"https:\/\/landpress.keydesign.xyz\/consulting\/?page_id=23898"},"modified":"2025-05-13T06:29:06","modified_gmt":"2025-05-13T04:29:06","slug":"contact","status":"publish","type":"page","link":"https:\/\/cps-hydro.fr\/particuliers\/contact\/","title":{"rendered":"Contact"},"content":{"rendered":"\t\t<div data-elementor-type=\"wp-page\" data-elementor-id=\"23898\" class=\"elementor elementor-23898\">\n\t\t\t\t<div class=\"elementor-element elementor-element-4f3fbec e-con-full e-flex e-con e-parent\" data-id=\"4f3fbec\" data-element_type=\"container\" data-settings=\"{&quot;background_background&quot;:&quot;classic&quot;}\">\n\t\t<div class=\"elementor-element elementor-element-4f36750 e-con-full animated-fast e-flex elementor-invisible e-con e-child\" data-id=\"4f36750\" data-element_type=\"container\" data-settings=\"{&quot;background_background&quot;:&quot;classic&quot;,&quot;animation&quot;:&quot;fadeIn&quot;,&quot;animation_delay&quot;:100}\">\n\t\t\t\t<div class=\"elementor-element elementor-element-e325e1c elementor-widget__width-inherit elementor-widget elementor-widget-elementskit-google-map\" data-id=\"e325e1c\" data-element_type=\"widget\" data-settings=\"{&quot;ekit_we_effect_on&quot;:&quot;none&quot;}\" data-widget_type=\"elementskit-google-map.default\">\n\t\t\t\t<div class=\"elementor-widget-container\">\n\t\t\t\t\t<div class=\"ekit-wid-con\" >\n\t\t\t<div class=\"ekit-google-map\" id=\"ekit-google-map-e325e1c\" data-id=\"e325e1c\" data-api_key=\"AIzaSyBsjkiy_4Wqkr0EDB4LKxvT6AHPgsbW4Sc\" style=\"margin-left:auto;margin-right:auto;text-align:center;\" data-map_type=\"basic\" data-map_address_type=\"coordinates\" data-map_lat=\"48.85370\" data-map_lng=\"2.39331\" data-map_basic_marker_title=\"Google Maps\" data-map_basic_marker_icon_enable=\"yes\" data-map_basic_marker_icon=\"http:\/\/landpress.keydesign.xyz\/consulting\/wp-content\/uploads\/sites\/2\/2024\/03\/landpress-marker.svg\" data-map_basic_marker_icon_width=\"42\" data-map_basic_marker_icon_height=\"42\" data-map_zoom=\"13\" data-map_theme=\"%22%5B%7B%5C%22featureType%5C%22%3A%5C%22administrative.locality%5C%22%2C%5C%22elementType%5C%22%3A%5C%22all%5C%22%2C%5C%22stylers%5C%22%3A%5B%7B%5C%22hue%5C%22%3A%5C%22%232c2e33%5C%22%7D%2C%7B%5C%22saturation%5C%22%3A7%7D%2C%7B%5C%22lightness%5C%22%3A19%7D%2C%7B%5C%22visibility%5C%22%3A%5C%22on%5C%22%7D%5D%7D%2C%7B%5C%22featureType%5C%22%3A%5C%22landscape%5C%22%2C%5C%22elementType%5C%22%3A%5C%22all%5C%22%2C%5C%22stylers%5C%22%3A%5B%7B%5C%22hue%5C%22%3A%5C%22%23ffffff%5C%22%7D%2C%7B%5C%22saturation%5C%22%3A-100%7D%2C%7B%5C%22lightness%5C%22%3A100%7D%2C%7B%5C%22visibility%5C%22%3A%5C%22simplified%5C%22%7D%5D%7D%2C%7B%5C%22featureType%5C%22%3A%5C%22poi%5C%22%2C%5C%22elementType%5C%22%3A%5C%22all%5C%22%2C%5C%22stylers%5C%22%3A%5B%7B%5C%22hue%5C%22%3A%5C%22%23ffffff%5C%22%7D%2C%7B%5C%22saturation%5C%22%3A-100%7D%2C%7B%5C%22lightness%5C%22%3A100%7D%2C%7B%5C%22visibility%5C%22%3A%5C%22off%5C%22%7D%5D%7D%2C%7B%5C%22featureType%5C%22%3A%5C%22road%5C%22%2C%5C%22elementType%5C%22%3A%5C%22geometry%5C%22%2C%5C%22stylers%5C%22%3A%5B%7B%5C%22hue%5C%22%3A%5C%22%23bbc0c4%5C%22%7D%2C%7B%5C%22saturation%5C%22%3A-93%7D%2C%7B%5C%22lightness%5C%22%3A31%7D%2C%7B%5C%22visibility%5C%22%3A%5C%22simplified%5C%22%7D%5D%7D%2C%7B%5C%22featureType%5C%22%3A%5C%22road%5C%22%2C%5C%22elementType%5C%22%3A%5C%22labels%5C%22%2C%5C%22stylers%5C%22%3A%5B%7B%5C%22hue%5C%22%3A%5C%22%23bbc0c4%5C%22%7D%2C%7B%5C%22saturation%5C%22%3A-93%7D%2C%7B%5C%22lightness%5C%22%3A31%7D%2C%7B%5C%22visibility%5C%22%3A%5C%22on%5C%22%7D%5D%7D%2C%7B%5C%22featureType%5C%22%3A%5C%22road.arterial%5C%22%2C%5C%22elementType%5C%22%3A%5C%22labels%5C%22%2C%5C%22stylers%5C%22%3A%5B%7B%5C%22hue%5C%22%3A%5C%22%23bbc0c4%5C%22%7D%2C%7B%5C%22saturation%5C%22%3A-93%7D%2C%7B%5C%22lightness%5C%22%3A-2%7D%2C%7B%5C%22visibility%5C%22%3A%5C%22simplified%5C%22%7D%5D%7D%2C%7B%5C%22featureType%5C%22%3A%5C%22road.local%5C%22%2C%5C%22elementType%5C%22%3A%5C%22geometry%5C%22%2C%5C%22stylers%5C%22%3A%5B%7B%5C%22hue%5C%22%3A%5C%22%23e9ebed%5C%22%7D%2C%7B%5C%22saturation%5C%22%3A-90%7D%2C%7B%5C%22lightness%5C%22%3A-8%7D%2C%7B%5C%22visibility%5C%22%3A%5C%22simplified%5C%22%7D%5D%7D%2C%7B%5C%22featureType%5C%22%3A%5C%22transit%5C%22%2C%5C%22elementType%5C%22%3A%5C%22all%5C%22%2C%5C%22stylers%5C%22%3A%5B%7B%5C%22hue%5C%22%3A%5C%22%23e9ebed%5C%22%7D%2C%7B%5C%22saturation%5C%22%3A10%7D%2C%7B%5C%22lightness%5C%22%3A69%7D%2C%7B%5C%22visibility%5C%22%3A%5C%22on%5C%22%7D%5D%7D%2C%7B%5C%22featureType%5C%22%3A%5C%22water%5C%22%2C%5C%22elementType%5C%22%3A%5C%22all%5C%22%2C%5C%22stylers%5C%22%3A%5B%7B%5C%22hue%5C%22%3A%5C%22%23e9ebed%5C%22%7D%2C%7B%5C%22saturation%5C%22%3A-78%7D%2C%7B%5C%22lightness%5C%22%3A67%7D%2C%7B%5C%22visibility%5C%22%3A%5C%22simplified%5C%22%7D%5D%7D%5D%22\" data-map_markers=\"null\" data-map_polylines=\"null\" data-map_streeview_control=\"false\" data-map_type_control=\"false\" data-map_zoom_control=\"true\" data-map_fullscreen_control=\"true\" data-map_scroll_zoom=\"false\"><\/div>\n\t\t\t<div class=\"google-map-notice\"><\/div>\n\t<\/div>\t\t\t\t<\/div>\n\t\t\t\t<\/div>\n\t\t\t\t<\/div>\n\t\t<div class=\"elementor-element elementor-element-9712d07 e-con-full e-flex e-con e-child\" data-id=\"9712d07\" data-element_type=\"container\">\n\t\t<div class=\"elementor-element elementor-element-3b484a9 e-con-full e-flex e-con e-child\" data-id=\"3b484a9\" data-element_type=\"container\">\n\t\t\t\t<div class=\"elementor-element elementor-element-c2e0e4d animated-fast elementor-widget__width-inherit elementor-invisible elementor-widget elementor-widget-elementskit-heading\" data-id=\"c2e0e4d\" data-element_type=\"widget\" data-settings=\"{&quot;_animation&quot;:&quot;fadeIn&quot;,&quot;_animation_delay&quot;:200,&quot;ekit_we_effect_on&quot;:&quot;css&quot;}\" data-widget_type=\"elementskit-heading.default\">\n\t\t\t\t<div class=\"elementor-widget-container\">\n\t\t\t\t\t<div class=\"ekit-wid-con\" ><div class=\"ekit-heading elementskit-section-title-wraper text_left   ekit_heading_tablet-   ekit_heading_mobile-\"><h6 class=\"elementskit-section-subtitle   ekit-heading__subtitle-has-border\">\n\t\t\t\t\t\tContactez nous\n\t\t\t\t\t<\/h6><h2 class=\"ekit-heading--title elementskit-section-title \">Vous avez des questions ?<\/h2>\t\t\t\t<div class='ekit-heading__description'>\n\t\t\t\t\t<p>Vous avez des questions ? Souhaitez r\u00e9server une prestation ou nous laisser un avis, remplissez le formulaire ci-dessous.<\/p>\n\t\t\t\t<\/div>\n\t\t\t<\/div><\/div>\t\t\t\t<\/div>\n\t\t\t\t<\/div>\n\t\t\t\t<div class=\"elementor-element elementor-element-eb661e9 elementor-widget elementor-widget-shortcode\" data-id=\"eb661e9\" data-element_type=\"widget\" data-settings=\"{&quot;ekit_we_effect_on&quot;:&quot;none&quot;}\" data-widget_type=\"shortcode.default\">\n\t\t\t\t<div class=\"elementor-widget-container\">\n\t\t\t\t\t\t\t<div class=\"elementor-shortcode\"><style id=\"wpforms-css-vars-24874\">\n\t\t\t\t#wpforms-24874 {\n\t\t\t\t--wpforms-field-size-input-height: 43px;\n--wpforms-field-size-input-spacing: 15px;\n--wpforms-field-size-font-size: 16px;\n--wpforms-field-size-line-height: 19px;\n--wpforms-field-size-padding-h: 14px;\n--wpforms-field-size-checkbox-size: 16px;\n--wpforms-field-size-sublabel-spacing: 5px;\n--wpforms-field-size-icon-size: 1;\n--wpforms-label-size-font-size: 16px;\n--wpforms-label-size-line-height: 19px;\n--wpforms-label-size-sublabel-font-size: 14px;\n--wpforms-label-size-sublabel-line-height: 17px;\n--wpforms-button-size-font-size: 17px;\n--wpforms-button-size-height: 41px;\n--wpforms-button-size-padding-h: 15px;\n--wpforms-button-size-margin-top: 10px;\n--wpforms-container-shadow-size-box-shadow: none;\n\t\t\t}\n\t\t\t<\/style><div class=\"wpforms-container wpforms-container-full wpforms-render-modern\" id=\"wpforms-24874\"><form id=\"wpforms-form-24874\" class=\"wpforms-validate wpforms-form wpforms-ajax-form\" data-formid=\"24874\" method=\"post\" enctype=\"multipart\/form-data\" action=\"\/particuliers\/wp-json\/wp\/v2\/pages\/23898\" data-token=\"927812230db668fe4613a0a0c08a59c7\" data-token-time=\"1778777955\"><noscript class=\"wpforms-error-noscript\">Veuillez activer JavaScript dans votre navigateur pour remplir ce formulaire.<\/noscript><div id=\"wpforms-error-noscript\" style=\"display: none;\">Veuillez activer JavaScript dans votre navigateur pour remplir ce formulaire.<\/div><div class=\"wpforms-field-container\"><div id=\"wpforms-24874-field_1-container\" class=\"wpforms-field wpforms-field-name\" data-field-id=\"1\"><label class=\"wpforms-field-label\" for=\"wpforms-24874-field_1\">Nom &amp; Pr\u00e9nom \/ Soci\u00e9t\u00e9 <span class=\"wpforms-required-label\" aria-hidden=\"true\">*<\/span><\/label><input type=\"text\" id=\"wpforms-24874-field_1\" class=\"wpforms-field-large wpforms-field-required\" name=\"wpforms[fields][1]\" aria-errormessage=\"wpforms-24874-field_1-error\" required><\/div><div id=\"wpforms-24874-field_2-container\" class=\"wpforms-field wpforms-field-email\" data-field-id=\"2\"><label class=\"wpforms-field-label\" for=\"wpforms-24874-field_2\">E-mail <span class=\"wpforms-required-label\" aria-hidden=\"true\">*<\/span><\/label><input type=\"email\" id=\"wpforms-24874-field_2\" class=\"wpforms-field-large wpforms-field-required\" name=\"wpforms[fields][2]\" spellcheck=\"false\" aria-errormessage=\"wpforms-24874-field_2-error\" required><\/div><div id=\"wpforms-24874-field_3-container\" class=\"wpforms-field wpforms-field-text\" data-field-id=\"3\"><label class=\"wpforms-field-label\" for=\"wpforms-24874-field_3\">T\u00e9l\u00e9phone <span class=\"wpforms-required-label\" aria-hidden=\"true\">*<\/span><\/label><input type=\"text\" id=\"wpforms-24874-field_3\" class=\"wpforms-field-large wpforms-field-required\" name=\"wpforms[fields][3]\" aria-errormessage=\"wpforms-24874-field_3-error\" required><\/div>\t\t<div id=\"wpforms-24874-field_5-container\"\n\t\t\tclass=\"wpforms-field wpforms-field-text\"\n\t\t\tdata-field-type=\"text\"\n\t\t\tdata-field-id=\"5\"\n\t\t\t>\n\t\t\t<label class=\"wpforms-field-label\" for=\"wpforms-24874-field_5\" >Soci\u00e9t\u00e9 T\u00e9l\u00e9phone Message<\/label>\n\t\t\t<input type=\"text\" id=\"wpforms-24874-field_5\" class=\"wpforms-field-medium\" name=\"wpforms[fields][5]\" >\n\t\t<\/div>\n\t\t<div id=\"wpforms-24874-field_4-container\" class=\"wpforms-field wpforms-field-textarea\" data-field-id=\"4\"><label class=\"wpforms-field-label\" for=\"wpforms-24874-field_4\">Message <span class=\"wpforms-required-label\" aria-hidden=\"true\">*<\/span><\/label><textarea id=\"wpforms-24874-field_4\" class=\"wpforms-field-large wpforms-field-required\" name=\"wpforms[fields][4]\" aria-errormessage=\"wpforms-24874-field_4-error\" required><\/textarea><\/div><script>\n\t\t\t\t( function() {\n\t\t\t\t\tconst style = document.createElement( 'style' );\n\t\t\t\t\tstyle.appendChild( document.createTextNode( '#wpforms-24874-field_5-container { position: absolute !important; overflow: hidden !important; display: inline !important; height: 1px !important; width: 1px !important; z-index: -1000 !important; padding: 0 !important; } #wpforms-24874-field_5-container input { visibility: hidden; } #wpforms-conversational-form-page #wpforms-24874-field_5-container label { counter-increment: none; }' ) );\n\t\t\t\t\tdocument.head.appendChild( style );\n\t\t\t\t\tdocument.currentScript?.remove();\n\t\t\t\t} )();\n\t\t\t<\/script><\/div><!-- .wpforms-field-container --><div class=\"wpforms-submit-container\" ><input type=\"hidden\" name=\"wpforms[id]\" value=\"24874\"><input type=\"hidden\" name=\"page_title\" value=\"\"><input type=\"hidden\" name=\"page_url\" value=\"https:\/\/cps-hydro.fr\/particuliers\/wp-json\/wp\/v2\/pages\/23898\"><input type=\"hidden\" name=\"url_referer\" value=\"\"><button type=\"submit\" name=\"wpforms[submit]\" id=\"wpforms-submit-24874\" class=\"wpforms-submit\" data-alt-text=\"Envoi...\" data-submit-text=\"Envoyer\" aria-live=\"assertive\" value=\"wpforms-submit\">Envoyer<\/button><img decoding=\"async\" src=\"https:\/\/cps-hydro.fr\/particuliers\/wp-content\/plugins\/wpforms\/assets\/images\/submit-spin.svg\" class=\"wpforms-submit-spinner\" style=\"display: none;\" width=\"26\" height=\"26\" alt=\"Chargement en cours\"><\/div><\/form><\/div>  <!-- .wpforms-container --><\/div>\n\t\t\t\t\t\t<\/div>\n\t\t\t\t<\/div>\n\t\t\t\t<\/div>\n\t\t\t\t<\/div>\n\t\t\t\t<\/div>\n\t\t<div class=\"elementor-element elementor-element-521f0b9 e-flex e-con-boxed e-con e-parent\" data-id=\"521f0b9\" data-element_type=\"container\" data-settings=\"{&quot;background_background&quot;:&quot;classic&quot;}\">\n\t\t\t\t\t<div class=\"e-con-inner\">\n\t\t<div class=\"elementor-element elementor-element-69efa05 e-con-full e-flex e-con e-child\" data-id=\"69efa05\" data-element_type=\"container\">\n\t\t<div class=\"elementor-element elementor-element-c24209f e-con-full e-flex e-con e-child\" data-id=\"c24209f\" data-element_type=\"container\">\n\t\t\t\t<div class=\"elementor-element elementor-element-90b5b87 animated-fast elementor-widget__width-inherit elementor-invisible elementor-widget elementor-widget-elementskit-heading\" data-id=\"90b5b87\" data-element_type=\"widget\" data-settings=\"{&quot;_animation&quot;:&quot;fadeIn&quot;,&quot;_animation_delay&quot;:200,&quot;ekit_we_effect_on&quot;:&quot;css&quot;}\" data-widget_type=\"elementskit-heading.default\">\n\t\t\t\t<div class=\"elementor-widget-container\">\n\t\t\t\t\t<div class=\"ekit-wid-con\" ><div class=\"ekit-heading elementskit-section-title-wraper text_left   ekit_heading_tablet-   ekit_heading_mobile-\"><h6 class=\"elementskit-section-subtitle   ekit-heading__subtitle-has-border\">\n\t\t\t\t\t\tHelp Center\n\t\t\t\t\t<\/h6><h2 class=\"ekit-heading--title elementskit-section-title \">Informations <span><span>pratiques<\/span><\/span><\/h2>\t\t\t\t<div class='ekit-heading__description'>\n\t\t\t\t\t<p>Nous comprenons que parfois il est plus ais\u00e9 de communiquer verbalement.<\/p>\n\t\t\t\t<\/div>\n\t\t\t<\/div><\/div>\t\t\t\t<\/div>\n\t\t\t\t<\/div>\n\t\t\t\t<\/div>\n\t\t<div class=\"elementor-element elementor-element-1ca4229 e-con-full e-flex e-con e-child\" data-id=\"1ca4229\" data-element_type=\"container\">\n\t\t\t\t<div class=\"elementor-element elementor-element-421a5f9 animated-fast elementor-hidden-mobile elementor-invisible elementor-widget elementor-widget-elementskit-heading\" data-id=\"421a5f9\" data-element_type=\"widget\" data-settings=\"{&quot;_animation&quot;:&quot;fadeIn&quot;,&quot;_animation_delay&quot;:200,&quot;ekit_we_effect_on&quot;:&quot;none&quot;}\" data-widget_type=\"elementskit-heading.default\">\n\t\t\t\t<div class=\"elementor-widget-container\">\n\t\t\t\t\t<div class=\"ekit-wid-con\" ><div class=\"ekit-heading elementskit-section-title-wraper text_left   ekit_heading_tablet-   ekit_heading_mobile-\">\t\t\t\t<div class='ekit-heading__description'>\n\t\t\t\t\t<p>C\u2019est pourquoi nous restons joignables par t\u00e9l\u00e9phone, par email ou via le formulaire en ligne, selon ce qui vous convient le mieux.<\/p>\n\t\t\t\t<\/div>\n\t\t\t<\/div><\/div>\t\t\t\t<\/div>\n\t\t\t\t<\/div>\n\t\t\t\t<\/div>\n\t\t\t\t<\/div>\n\t\t<div class=\"elementor-element elementor-element-fca2b34 e-con-full e-flex e-con e-child\" data-id=\"fca2b34\" data-element_type=\"container\">\n\t\t<div class=\"elementor-element elementor-element-0592a97 e-con-full e-flex e-con e-child\" data-id=\"0592a97\" data-element_type=\"container\">\n\t\t\t\t<div class=\"elementor-element elementor-element-bf9fe28 animated-fast ekit-equal-height-disable elementor-invisible elementor-widget elementor-widget-elementskit-icon-box\" data-id=\"bf9fe28\" data-element_type=\"widget\" data-settings=\"{&quot;_animation&quot;:&quot;fadeInUp&quot;,&quot;_animation_delay&quot;:100,&quot;ekit_we_effect_on&quot;:&quot;none&quot;}\" data-widget_type=\"elementskit-icon-box.default\">\n\t\t\t\t<div class=\"elementor-widget-container\">\n\t\t\t\t\t<div class=\"ekit-wid-con\" >        <!-- link opening -->\n                <a href=\"#\" class=\"ekit_global_links\">\n                <!-- end link opening -->\n\n        <div class=\"elementskit-infobox text-left text-left icon-top-align elementor-animation-float   \">\n                    <div class=\"elementskit-box-header elementor-animation-\">\n                <div class=\"elementskit-info-box-icon  \">\n                    <i aria-hidden=\"true\" class=\"elementkit-infobox-icon icon icon-customer-service\"><\/i>\n                <\/div>\n          <\/div>\n                        <div class=\"box-body\">\n                            <h4 class=\"elementskit-info-box-title\">\n                    Par t\u00e9l\u00e9phone                <\/h4>\n                        \t\t  \t<p>Une urgence, une question ? Nous sommes joignables par t\u00e9l\u00e9phone au <br><a href=\"tel:0189709501\">01 89 70 95 01<\/a><\/p>\n                                <\/div>\n        \n        \n                <\/div>\n                <\/a>\n        <\/div>\t\t\t\t<\/div>\n\t\t\t\t<\/div>\n\t\t\t\t<\/div>\n\t\t<div class=\"elementor-element elementor-element-c2a9c0f e-con-full e-flex e-con e-child\" data-id=\"c2a9c0f\" data-element_type=\"container\">\n\t\t\t\t<div class=\"elementor-element elementor-element-ed09832 animated-fast ekit-equal-height-disable elementor-invisible elementor-widget elementor-widget-elementskit-icon-box\" data-id=\"ed09832\" data-element_type=\"widget\" data-settings=\"{&quot;_animation&quot;:&quot;fadeInUp&quot;,&quot;_animation_delay&quot;:200,&quot;ekit_we_effect_on&quot;:&quot;none&quot;}\" data-widget_type=\"elementskit-icon-box.default\">\n\t\t\t\t<div class=\"elementor-widget-container\">\n\t\t\t\t\t<div class=\"ekit-wid-con\" >        <!-- link opening -->\n                <a href=\"#\" class=\"ekit_global_links\">\n                <!-- end link opening -->\n\n        <div class=\"elementskit-infobox text-left text-left icon-top-align elementor-animation-float   \">\n                    <div class=\"elementskit-box-header elementor-animation-\">\n                <div class=\"elementskit-info-box-icon  \">\n                    <i aria-hidden=\"true\" class=\"elementkit-infobox-icon icon icon-hand_shake\"><\/i>\n                <\/div>\n          <\/div>\n                        <div class=\"box-body\">\n                            <h4 class=\"elementskit-info-box-title\">\n                    Par courrier                <\/h4>\n                        \t\t  \t<p>Vous pouvez nous \u00e9crire \u00e0 :<br>\nCPS HYDRO SAS<br>\n40 rue Alexandre Dumas<br>\n75011 Paris<br><br>\n\n<p>ou par mail \u00e0<br>\n<a href=\"mailto:contact@cps-hydro.fr\">\n  &#099;&#111;&#110;&#116;&#097;&#099;&#116;&#064;&#099;&#112;&#115;&#045;&#104;&#121;&#100;&#114;&#111;&#046;&#102;&#114;\n<\/a><\/p><\/p>\n                                <\/div>\n        \n        \n                <\/div>\n                <\/a>\n        <\/div>\t\t\t\t<\/div>\n\t\t\t\t<\/div>\n\t\t\t\t<\/div>\n\t\t<div class=\"elementor-element elementor-element-a124e31 e-con-full e-flex e-con e-child\" data-id=\"a124e31\" data-element_type=\"container\">\n\t\t\t\t<div class=\"elementor-element elementor-element-67f3f25 animated-fast ekit-equal-height-disable elementor-invisible elementor-widget elementor-widget-elementskit-icon-box\" data-id=\"67f3f25\" data-element_type=\"widget\" data-settings=\"{&quot;_animation&quot;:&quot;fadeInUp&quot;,&quot;_animation_delay&quot;:300,&quot;ekit_we_effect_on&quot;:&quot;none&quot;}\" data-widget_type=\"elementskit-icon-box.default\">\n\t\t\t\t<div class=\"elementor-widget-container\">\n\t\t\t\t\t<div class=\"ekit-wid-con\" >        <!-- link opening -->\n                <a href=\"#\" class=\"ekit_global_links\">\n                <!-- end link opening -->\n\n        <div class=\"elementskit-infobox text-left text-left icon-top-align elementor-animation-float   \">\n                    <div class=\"elementskit-box-header elementor-animation-\">\n                <div class=\"elementskit-info-box-icon  \">\n                    <i aria-hidden=\"true\" class=\"elementkit-infobox-icon icon icon-clock2\"><\/i>\n                <\/div>\n          <\/div>\n                        <div class=\"box-body\">\n                            <h4 class=\"elementskit-info-box-title\">\n                    Nos horaires                <\/h4>\n                        \t\t  \t<p>lundi - vendredi : 8h30 - 18h00<br>\nsamedi : 8h30 - 13h00<br>\ndimanche : ferm\u00e9<\/p>\n                                <\/div>\n        \n        \n                <\/div>\n                <\/a>\n        <\/div>\t\t\t\t<\/div>\n\t\t\t\t<\/div>\n\t\t\t\t<\/div>\n\t\t\t\t<\/div>\n\t\t\t\t\t<\/div>\n\t\t\t\t<\/div>\n\t\t\t\t<\/div>\n\t\t","protected":false},"excerpt":{"rendered":"<p>Contactez nous Vous avez des questions ? Vous avez des questions ? Souhaitez r\u00e9server une prestation ou nous laisser un avis, remplissez le formulaire ci-dessous. Help Center Informations pratiques Nous comprenons que parfois il est plus ais\u00e9 de communiquer verbalement. C\u2019est pourquoi nous restons joignables par t\u00e9l\u00e9phone, par email ou via le formulaire en ligne, [&hellip;]<\/p>\n","protected":false},"author":1,"featured_media":0,"parent":0,"menu_order":0,"comment_status":"closed","ping_status":"closed","template":"","meta":{"footnotes":""},"class_list":["post-23898","page","type-page","status-publish","hentry"],"yoast_head":"<!-- This site is optimized with the Yoast SEO plugin v25.0 - https:\/\/yoast.com\/wordpress\/plugins\/seo\/ -->\n<title>Contactez-nous \u2013 Nettoyage \u00e0 domicile en \u00cele-de-France<\/title>\n<meta name=\"description\" content=\"Une question ? Un devis ? Contactez-nous pour le nettoyage de vos tissus d\u2019ameublement \u00e0 domicile. R\u00e9ponse rapide garantie.\" \/>\n<meta name=\"robots\" content=\"noindex, follow\" \/>\n<meta property=\"og:locale\" content=\"fr_FR\" \/>\n<meta property=\"og:type\" content=\"article\" \/>\n<meta property=\"og:title\" content=\"Contactez-nous \u2013 Nettoyage \u00e0 domicile en \u00cele-de-France\" \/>\n<meta property=\"og:description\" content=\"Une question ? Un devis ? Contactez-nous pour le nettoyage de vos tissus d\u2019ameublement \u00e0 domicile. R\u00e9ponse rapide garantie.\" \/>\n<meta property=\"og:url\" content=\"https:\/\/cps-hydro.fr\/particuliers\/contact\/\" \/>\n<meta property=\"og:site_name\" content=\"Particuliers\" \/>\n<meta property=\"article:modified_time\" content=\"2025-05-13T04:29:06+00:00\" \/>\n<meta name=\"twitter:card\" content=\"summary_large_image\" \/>\n<meta name=\"twitter:label1\" content=\"Dur\u00e9e de lecture estim\u00e9e\" \/>\n\t<meta name=\"twitter:data1\" content=\"1 minute\" \/>\n<script type=\"application\/ld+json\" class=\"yoast-schema-graph\">{\"@context\":\"https:\/\/schema.org\",\"@graph\":[{\"@type\":\"WebPage\",\"@id\":\"https:\/\/cps-hydro.fr\/particuliers\/contact\/\",\"url\":\"https:\/\/cps-hydro.fr\/particuliers\/contact\/\",\"name\":\"Contactez-nous \u2013 Nettoyage \u00e0 domicile en \u00cele-de-France\",\"isPartOf\":{\"@id\":\"https:\/\/cps-hydro.fr\/particuliers\/#website\"},\"datePublished\":\"2024-02-12T14:53:45+00:00\",\"dateModified\":\"2025-05-13T04:29:06+00:00\",\"description\":\"Une question ? Un devis ? Contactez-nous pour le nettoyage de vos tissus d\u2019ameublement \u00e0 domicile. R\u00e9ponse rapide garantie.\",\"breadcrumb\":{\"@id\":\"https:\/\/cps-hydro.fr\/particuliers\/contact\/#breadcrumb\"},\"inLanguage\":\"fr-FR\",\"potentialAction\":[{\"@type\":\"ReadAction\",\"target\":[\"https:\/\/cps-hydro.fr\/particuliers\/contact\/\"]}]},{\"@type\":\"BreadcrumbList\",\"@id\":\"https:\/\/cps-hydro.fr\/particuliers\/contact\/#breadcrumb\",\"itemListElement\":[{\"@type\":\"ListItem\",\"position\":1,\"name\":\"Accueil\",\"item\":\"https:\/\/cps-hydro.fr\/particuliers\/\"},{\"@type\":\"ListItem\",\"position\":2,\"name\":\"Contact\"}]},{\"@type\":\"WebSite\",\"@id\":\"https:\/\/cps-hydro.fr\/particuliers\/#website\",\"url\":\"https:\/\/cps-hydro.fr\/particuliers\/\",\"name\":\"Particuliers\",\"description\":\"Marketing Landing Page Elementor WordPress Theme\",\"potentialAction\":[{\"@type\":\"SearchAction\",\"target\":{\"@type\":\"EntryPoint\",\"urlTemplate\":\"https:\/\/cps-hydro.fr\/particuliers\/?s={search_term_string}\"},\"query-input\":{\"@type\":\"PropertyValueSpecification\",\"valueRequired\":true,\"valueName\":\"search_term_string\"}}],\"inLanguage\":\"fr-FR\"}]}<\/script>\n<!-- \/ Yoast SEO plugin. -->","yoast_head_json":{"title":"Contactez-nous \u2013 Nettoyage \u00e0 domicile en \u00cele-de-France","description":"Une question ? Un devis ? Contactez-nous pour le nettoyage de vos tissus d\u2019ameublement \u00e0 domicile. R\u00e9ponse rapide garantie.","robots":{"index":"noindex","follow":"follow"},"og_locale":"fr_FR","og_type":"article","og_title":"Contactez-nous \u2013 Nettoyage \u00e0 domicile en \u00cele-de-France","og_description":"Une question ? Un devis ? Contactez-nous pour le nettoyage de vos tissus d\u2019ameublement \u00e0 domicile. R\u00e9ponse rapide garantie.","og_url":"https:\/\/cps-hydro.fr\/particuliers\/contact\/","og_site_name":"Particuliers","article_modified_time":"2025-05-13T04:29:06+00:00","twitter_card":"summary_large_image","twitter_misc":{"Dur\u00e9e de lecture estim\u00e9e":"1 minute"},"schema":{"@context":"https:\/\/schema.org","@graph":[{"@type":"WebPage","@id":"https:\/\/cps-hydro.fr\/particuliers\/contact\/","url":"https:\/\/cps-hydro.fr\/particuliers\/contact\/","name":"Contactez-nous \u2013 Nettoyage \u00e0 domicile en \u00cele-de-France","isPartOf":{"@id":"https:\/\/cps-hydro.fr\/particuliers\/#website"},"datePublished":"2024-02-12T14:53:45+00:00","dateModified":"2025-05-13T04:29:06+00:00","description":"Une question ? Un devis ? Contactez-nous pour le nettoyage de vos tissus d\u2019ameublement \u00e0 domicile. R\u00e9ponse rapide garantie.","breadcrumb":{"@id":"https:\/\/cps-hydro.fr\/particuliers\/contact\/#breadcrumb"},"inLanguage":"fr-FR","potentialAction":[{"@type":"ReadAction","target":["https:\/\/cps-hydro.fr\/particuliers\/contact\/"]}]},{"@type":"BreadcrumbList","@id":"https:\/\/cps-hydro.fr\/particuliers\/contact\/#breadcrumb","itemListElement":[{"@type":"ListItem","position":1,"name":"Accueil","item":"https:\/\/cps-hydro.fr\/particuliers\/"},{"@type":"ListItem","position":2,"name":"Contact"}]},{"@type":"WebSite","@id":"https:\/\/cps-hydro.fr\/particuliers\/#website","url":"https:\/\/cps-hydro.fr\/particuliers\/","name":"Particuliers","description":"Marketing Landing Page Elementor WordPress Theme","potentialAction":[{"@type":"SearchAction","target":{"@type":"EntryPoint","urlTemplate":"https:\/\/cps-hydro.fr\/particuliers\/?s={search_term_string}"},"query-input":{"@type":"PropertyValueSpecification","valueRequired":true,"valueName":"search_term_string"}}],"inLanguage":"fr-FR"}]}},"_links":{"self":[{"href":"https:\/\/cps-hydro.fr\/particuliers\/wp-json\/wp\/v2\/pages\/23898","targetHints":{"allow":["GET"]}}],"collection":[{"href":"https:\/\/cps-hydro.fr\/particuliers\/wp-json\/wp\/v2\/pages"}],"about":[{"href":"https:\/\/cps-hydro.fr\/particuliers\/wp-json\/wp\/v2\/types\/page"}],"author":[{"embeddable":true,"href":"https:\/\/cps-hydro.fr\/particuliers\/wp-json\/wp\/v2\/users\/1"}],"replies":[{"embeddable":true,"href":"https:\/\/cps-hydro.fr\/particuliers\/wp-json\/wp\/v2\/comments?post=23898"}],"version-history":[{"count":9,"href":"https:\/\/cps-hydro.fr\/particuliers\/wp-json\/wp\/v2\/pages\/23898\/revisions"}],"predecessor-version":[{"id":24883,"href":"https:\/\/cps-hydro.fr\/particuliers\/wp-json\/wp\/v2\/pages\/23898\/revisions\/24883"}],"wp:attachment":[{"href":"https:\/\/cps-hydro.fr\/particuliers\/wp-json\/wp\/v2\/media?parent=23898"}],"curies":[{"name":"wp","href":"https:\/\/api.w.org\/{rel}","templated":true}]}}